{"id":2708,"date":"2020-08-29T10:34:02","date_gmt":"2020-08-29T10:34:02","guid":{"rendered":"http:\/\/haehnel-gmbh.de\/?page_id=2708"},"modified":"2025-09-10T20:19:29","modified_gmt":"2025-09-10T20:19:29","slug":"impressum","status":"publish","type":"page","link":"https:\/\/haehnel-gmbh.de\/?page_id=2708","title":{"rendered":"Impressum"},"content":{"rendered":"<h2>H\u00c4HNEL GmbH<\/h2>\n<p>Pierheim 28<br \/>\n91161 Hilpoltstein<\/p>\n<p>+49 9179 6253<br \/>\n<a href=\"https:\/\/haehnel-gmbh.de\/?page_id=2673#\">info@haehnel-gmbh.de<\/a><\/p>\n<p>Vertreten durch: Matthias Sauer, Robert Kerling <\/p>\n<p>&nbsp;<\/p>\n<p>Gesch\u00e4ftsf\u00fchrer: Matthias Sauer, Robert Kerling<br \/>\nEintragung im Handelsregister: Amtsgericht N\u00fcrnberg, Gerichtsstand Hilpoltstein HR\/B\/5123<br \/>\nUmsatzsteuer-Identifikationsnummer gem\u00e4\u00df \u00a7 27a Umsatzsteuergesetz: DE133518093<br \/>\nDUNS-Nr.: 321339830<\/p>\n<p>&nbsp;<\/p>\n<p>Verantwortlich f\u00fcr den Inhalt nach \u00a7 55 Abs. 2 RStV: Matthias Sauer, Robert Kerling<\/p>\n<p>Konzept, Design, Programmierung, Bilddaten, Grafiken:<br \/>\nreal media technic STAUDACHER GmbH<\/p>\n","protected":false},"excerpt":{"rendered":"<p>H\u00c4HNEL GmbH Pierheim 28 91161 Hilpoltstein +49 9179 6253 info@haehnel-gmbh.de Vertreten durch: Matthias Sauer, Robert Kerling &nbsp; Gesch\u00e4ftsf\u00fchrer: Matthias Sauer, Robert Kerling Eintragung im Handelsregister: Amtsgericht N\u00fcrnberg, Gerichtsstand Hilpoltstein HR\/B\/5123 Umsatzsteuer-Identifikationsnummer gem\u00e4\u00df \u00a7 27a Umsatzsteuergesetz: DE133518093 DUNS-Nr.: 321339830 &nbsp; Verantwortlich f\u00fcr den Inhalt nach \u00a7 55 Abs. 2 RStV: Matthias Sauer, Robert Kerling Konzept, Design, Programmierung, Bilddaten, Grafiken: real media technic STAUDACHER GmbH<\/p>\n","protected":false},"author":1,"featured_media":0,"parent":0,"menu_order":0,"comment_status":"closed","ping_status":"closed","template":"","meta":{"footnotes":""},"class_list":["post-2708","page","type-page","status-publish","hentry"],"yoast_head":"<!-- This site is optimized with the Yoast SEO plugin v27.4 - https:\/\/yoast.com\/product\/yoast-seo-wordpress\/ -->\n<title>Impressum - H\u00e4hnel GmbH<\/title>\n<meta name=\"robots\" content=\"index, follow, max-snippet:-1, max-image-preview:large, max-video-preview:-1\" \/>\n<link rel=\"canonical\" href=\"https:\/\/haehnel-gmbh.de\/?page_id=2708\" \/>\n<meta property=\"og:locale\" content=\"de_DE\" \/>\n<meta property=\"og:type\" content=\"article\" \/>\n<meta property=\"og:title\" content=\"Impressum - H\u00e4hnel GmbH\" \/>\n<meta property=\"og:description\" content=\"H\u00c4HNEL GmbH Pierheim 28 91161 Hilpoltstein +49 9179 6253 info@haehnel-gmbh.de Vertreten durch: Matthias Sauer, Robert Kerling &nbsp; Gesch\u00e4ftsf\u00fchrer: Matthias Sauer, Robert Kerling Eintragung im Handelsregister: Amtsgericht N\u00fcrnberg, Gerichtsstand Hilpoltstein HR\/B\/5123 Umsatzsteuer-Identifikationsnummer gem\u00e4\u00df \u00a7 27a Umsatzsteuergesetz: DE133518093 DUNS-Nr.: 321339830 &nbsp; Verantwortlich f\u00fcr den Inhalt nach \u00a7 55 Abs. 2 RStV: Matthias Sauer, Robert Kerling Konzept, Design, Programmierung, Bilddaten, Grafiken: real media technic STAUDACHER GmbH\" \/>\n<meta property=\"og:url\" content=\"https:\/\/haehnel-gmbh.de\/?page_id=2708\" \/>\n<meta property=\"og:site_name\" content=\"H\u00e4hnel GmbH\" \/>\n<meta property=\"article:modified_time\" content=\"2025-09-10T20:19:29+00:00\" \/>\n<meta name=\"twitter:card\" content=\"summary_large_image\" \/>\n<meta name=\"twitter:label1\" content=\"Gesch\u00e4tzte Lesezeit\" \/>\n\t<meta name=\"twitter:data1\" content=\"1\u00a0Minute\" \/>\n<script type=\"application\/ld+json\" class=\"yoast-schema-graph\">{\"@context\":\"https:\\\/\\\/schema.org\",\"@graph\":[{\"@type\":\"WebPage\",\"@id\":\"https:\\\/\\\/haehnel-gmbh.de\\\/?page_id=2708\",\"url\":\"https:\\\/\\\/haehnel-gmbh.de\\\/?page_id=2708\",\"name\":\"Impressum - H\u00e4hnel GmbH\",\"isPartOf\":{\"@id\":\"https:\\\/\\\/haehnel-gmbh.de\\\/#website\"},\"datePublished\":\"2020-08-29T10:34:02+00:00\",\"dateModified\":\"2025-09-10T20:19:29+00:00\",\"breadcrumb\":{\"@id\":\"https:\\\/\\\/haehnel-gmbh.de\\\/?page_id=2708#breadcrumb\"},\"inLanguage\":\"de\",\"potentialAction\":[{\"@type\":\"ReadAction\",\"target\":[\"https:\\\/\\\/haehnel-gmbh.de\\\/?page_id=2708\"]}]},{\"@type\":\"BreadcrumbList\",\"@id\":\"https:\\\/\\\/haehnel-gmbh.de\\\/?page_id=2708#breadcrumb\",\"itemListElement\":[{\"@type\":\"ListItem\",\"position\":1,\"name\":\"Startseite\",\"item\":\"https:\\\/\\\/haehnel-gmbh.de\\\/\"},{\"@type\":\"ListItem\",\"position\":2,\"name\":\"Impressum\"}]},{\"@type\":\"WebSite\",\"@id\":\"https:\\\/\\\/haehnel-gmbh.de\\\/#website\",\"url\":\"https:\\\/\\\/haehnel-gmbh.de\\\/\",\"name\":\"H\u00e4hnel GmbH\",\"description\":\"Maschinenbauer aus Hilpoltstein\",\"potentialAction\":[{\"@type\":\"SearchAction\",\"target\":{\"@type\":\"EntryPoint\",\"urlTemplate\":\"https:\\\/\\\/haehnel-gmbh.de\\\/?s={search_term_string}\"},\"query-input\":{\"@type\":\"PropertyValueSpecification\",\"valueRequired\":true,\"valueName\":\"search_term_string\"}}],\"inLanguage\":\"de\"}]}<\/script>\n<!-- \/ Yoast SEO plugin. -->","yoast_head_json":{"title":"Impressum - H\u00e4hnel GmbH","robots":{"index":"index","follow":"follow","max-snippet":"max-snippet:-1","max-image-preview":"max-image-preview:large","max-video-preview":"max-video-preview:-1"},"canonical":"https:\/\/haehnel-gmbh.de\/?page_id=2708","og_locale":"de_DE","og_type":"article","og_title":"Impressum - H\u00e4hnel GmbH","og_description":"H\u00c4HNEL GmbH Pierheim 28 91161 Hilpoltstein +49 9179 6253 info@haehnel-gmbh.de Vertreten durch: Matthias Sauer, Robert Kerling &nbsp; Gesch\u00e4ftsf\u00fchrer: Matthias Sauer, Robert Kerling Eintragung im Handelsregister: Amtsgericht N\u00fcrnberg, Gerichtsstand Hilpoltstein HR\/B\/5123 Umsatzsteuer-Identifikationsnummer gem\u00e4\u00df \u00a7 27a Umsatzsteuergesetz: DE133518093 DUNS-Nr.: 321339830 &nbsp; Verantwortlich f\u00fcr den Inhalt nach \u00a7 55 Abs. 2 RStV: Matthias Sauer, Robert Kerling Konzept, Design, Programmierung, Bilddaten, Grafiken: real media technic STAUDACHER GmbH","og_url":"https:\/\/haehnel-gmbh.de\/?page_id=2708","og_site_name":"H\u00e4hnel GmbH","article_modified_time":"2025-09-10T20:19:29+00:00","twitter_card":"summary_large_image","twitter_misc":{"Gesch\u00e4tzte Lesezeit":"1\u00a0Minute"},"schema":{"@context":"https:\/\/schema.org","@graph":[{"@type":"WebPage","@id":"https:\/\/haehnel-gmbh.de\/?page_id=2708","url":"https:\/\/haehnel-gmbh.de\/?page_id=2708","name":"Impressum - H\u00e4hnel GmbH","isPartOf":{"@id":"https:\/\/haehnel-gmbh.de\/#website"},"datePublished":"2020-08-29T10:34:02+00:00","dateModified":"2025-09-10T20:19:29+00:00","breadcrumb":{"@id":"https:\/\/haehnel-gmbh.de\/?page_id=2708#breadcrumb"},"inLanguage":"de","potentialAction":[{"@type":"ReadAction","target":["https:\/\/haehnel-gmbh.de\/?page_id=2708"]}]},{"@type":"BreadcrumbList","@id":"https:\/\/haehnel-gmbh.de\/?page_id=2708#breadcrumb","itemListElement":[{"@type":"ListItem","position":1,"name":"Startseite","item":"https:\/\/haehnel-gmbh.de\/"},{"@type":"ListItem","position":2,"name":"Impressum"}]},{"@type":"WebSite","@id":"https:\/\/haehnel-gmbh.de\/#website","url":"https:\/\/haehnel-gmbh.de\/","name":"H\u00e4hnel GmbH","description":"Maschinenbauer aus Hilpoltstein","potentialAction":[{"@type":"SearchAction","target":{"@type":"EntryPoint","urlTemplate":"https:\/\/haehnel-gmbh.de\/?s={search_term_string}"},"query-input":{"@type":"PropertyValueSpecification","valueRequired":true,"valueName":"search_term_string"}}],"inLanguage":"de"}]}},"_links":{"self":[{"href":"https:\/\/haehnel-gmbh.de\/index.php?rest_route=\/wp\/v2\/pages\/2708","targetHints":{"allow":["GET"]}}],"collection":[{"href":"https:\/\/haehnel-gmbh.de\/index.php?rest_route=\/wp\/v2\/pages"}],"about":[{"href":"https:\/\/haehnel-gmbh.de\/index.php?rest_route=\/wp\/v2\/types\/page"}],"author":[{"embeddable":true,"href":"https:\/\/haehnel-gmbh.de\/index.php?rest_route=\/wp\/v2\/users\/1"}],"replies":[{"embeddable":true,"href":"https:\/\/haehnel-gmbh.de\/index.php?rest_route=%2Fwp%2Fv2%2Fcomments&post=2708"}],"version-history":[{"count":11,"href":"https:\/\/haehnel-gmbh.de\/index.php?rest_route=\/wp\/v2\/pages\/2708\/revisions"}],"predecessor-version":[{"id":2920,"href":"https:\/\/haehnel-gmbh.de\/index.php?rest_route=\/wp\/v2\/pages\/2708\/revisions\/2920"}],"wp:attachment":[{"href":"https:\/\/haehnel-gmbh.de\/index.php?rest_route=%2Fwp%2Fv2%2Fmedia&parent=2708"}],"curies":[{"name":"wp","href":"https:\/\/api.w.org\/{rel}","templated":true}]}}